{"id":1318,"date":"2018-02-15T14:49:49","date_gmt":"2018-02-15T14:49:49","guid":{"rendered":"https:\/\/fgeuroexpress.com\/?page_id=1318"},"modified":"2024-07-02T09:17:15","modified_gmt":"2024-07-02T07:17:15","slug":"contact","status":"publish","type":"page","link":"https:\/\/fgeuroexpress.com\/fr\/contact\/","title":{"rendered":"Contact"},"content":{"rendered":"<p>[vc_row full_width=\u00a0\u00bbstretch_row_content_no_spaces\u00a0\u00bb css=\u00a0\u00bb.vc_custom_1516895370586{margin-top: -60px !important;margin-bottom: 50px !important;}\u00a0\u00bb][vc_column]<div class='map' id='map1' style='height: 350px;' data-type='ROADMAP' data-styles='' data-zoom='6' data-scroll='true' data-markers='{ \"address\": \"Pol\u00edgono Industrial \u00ab\u00a0La Mora\u00a0\u00bb, Paseo de la Acacia, 47193 Cist\u00e9rniga, Valladolid\",  \"center\": \"true\", \"data\": \"%3CSTRONG%3ETransportes%20FG%20Euroexpress%3C%2FSTRONG%3E%3CBR%3E%0APaseo%20de%20la%20Acacia%2C%20parc.%2013-6%3CBR%3E%20%0APoligono%20Industrial%20de%20%22La%20Mora%22%20%3CBR%3E%0A47193%20-%20La%20Cisterniga%20%28Valladolid%29%3CBR%3E%0ATel%20%3A%20%2B34.983.40.23.44\", \"options\": { \"icon\": \"https:\/\/fgeuroexpress.com\/wp-content\/themes\/transport\/images\/gmap\/map-pin.png\" } }|{ \"address\": \"Poligono Industrial \u00ab\u00a0Las Arenas\u00a0\u00bb c\/ Rio, nave 8 &#8211; 28320 &#8211; Pinto (Madrid)\",  \"center\": \"true\", \"data\": \"%3CSTRONG%3EDelegacion%20en%20Madrid%3C%2FSTRONG%3E%3Cbr%3E%0APoligono%20Industrial%20%22Las%20Arenas%22%20%3Cbr%3E%0Ac%2F%20Rio%2C%20nave%208%20-%2028320%20-%20Pinto%20%28Madrid%29%3Cbr%3E%0ATel.%3A%20%2B34.902.30.21.25\", \"options\": { \"icon\": \"https:\/\/fgeuroexpress.com\/wp-content\/themes\/transport\/images\/gmap\/map-pin.png\" } }|'><\/div>[\/vc_column][\/vc_row][vc_row][vc_column width=\u00a0\u00bb1\/2&Prime;]<h3 class='heading-left  style-1'  style='color: #070d3e'><span>FORMULAIRE DE CONTACT<\/span><\/h3>[vc_column_text css=\u00a0\u00bb.vc_custom_1518705596788{margin-bottom: 20px !important;}\u00a0\u00bb]Si vous souhaitez contacter FG Euroexpress, vous pouvez le faire via les formulaires suivants. Vous pouvez s\u00e9lectionner le formulaire de contact, pour des demandes g\u00e9n\u00e9rales, Collaborer avec nous, pour les transporteurs autonomes et Emploi, pour envoyer vos donn\u00e9es et votre CV. Les champs marqu\u00e9s d&rsquo;ast\u00e9risques sont obligatoires.[\/vc_column_text][vc_tta_tabs style=\u00a0\u00bbmodern\u00a0\u00bb active_section=\u00a0\u00bb1&Prime; css=\u00a0\u00bb.vc_custom_1516962666274{margin-top: 30px !important;}\u00a0\u00bb][vc_tta_section title=\u00a0\u00bbContact\u00a0\u00bb tab_id=\u00a0\u00bb1516961251037-5d95a877-623b\u00a0\u00bb][vc_column_text css=\u00a0\u00bb.vc_custom_1518706183542{margin-bottom: 20px !important;}\u00a0\u00bb]<strong>Contact g\u00e9n\u00e9ral<\/strong>[\/vc_column_text][contact-form-7 id=\u00a0\u00bb1325&Prime;][\/vc_tta_section][vc_tta_section title=\u00a0\u00bbCoop\u00e9rer\u00a0\u00bb tab_id=\u00a0\u00bb1516962451717-ef9c4506-b401&Prime;][vc_column_text css=\u00a0\u00bb.vc_custom_1520264649471{margin-bottom: 20px !important;}\u00a0\u00bb]<strong>Coop\u00e9rer avec nous<\/strong>[\/vc_column_text][contact-form-7 id=\u00a0\u00bb1324&Prime;][\/vc_tta_section][vc_tta_section title=\u00a0\u00bbEmploi\u00a0\u00bb tab_id=\u00a0\u00bb1516961350899-cff2b198-fd89&Prime;][vc_column_text css=\u00a0\u00bb.vc_custom_1518706152462{margin-bottom: 20px !important;}\u00a0\u00bb]<strong>Travaille avec nous<\/strong>[\/vc_column_text][contact-form-7 id=\u00a0\u00bb1326&Prime;][\/vc_tta_section][\/vc_tta_tabs][\/vc_column][vc_column width=\u00a0\u00bb1\/2&Prime;]<h3 class='heading-left  style-1'  style='color: #070d3e'><span> INFORMATION DE CONTACT<\/span><\/h3>[vc_column_text]<strong>Transports FG Euroexpress<\/strong><br \/>\nPaseo de la Acacia, parc. 13-6<br \/>\nPoligono Industrial de \u00ab\u00a0La Mora\u00a0\u00bb<br \/>\n47193 &#8211; La Cisterniga (Valladolid)<br \/>\nEspagne<\/p>\n<p>T\u00e9l.: (+34) 983 402 344<br \/>\nTel.: (+34) 609 905 656 (24h)[\/vc_column_text][vc_column_text css=\u00a0\u00bb.vc_custom_1520265157251{margin-top: 30px !important;}\u00a0\u00bb]<strong>D\u00e9l\u00e9gation en Madrid<\/strong><br \/>\nPoligono Industrial \u00ab\u00a0Las Arenas\u00a0\u00bb<br \/>\nc\/ Rio, nave 8 &#8211; 28320 &#8211; Pinto (Madrid)<\/p>\n<p>Tel.: (+34) 91 692 70 42<br \/>\nTel.: 661 982 039 (24h)[\/vc_column_text][vc_column_text css=\u00a0\u00bb.vc_custom_1520265181610{margin-top: 60px !important;}\u00a0\u00bb]<strong>Courriers \u00e9lectroniques<\/strong><br \/>\nInformation de transport:<br \/>\n<a href=\"mailto:trafico@fgeuroexpress.com\">trafico@fgeuroexpress.com<\/a><\/p>\n<p>&nbsp;<\/p>\n<p>D\u00e9partament d`exploitation:<br \/>\n<a href=\"mailto:trafico@fgeuroexpress.com\">trafico@fgeuroexpress.com<\/a>[\/vc_column_text][\/vc_column][\/vc_row]<\/p>\n","protected":false},"excerpt":{"rendered":"<p>[vc_row full_width=\u00a0\u00bbstretch_row_content_no_spaces\u00a0\u00bb css=\u00a0\u00bb.vc_custom_1516895370586{margin-top: -60px !important;margin-bottom: 50px !important;}\u00a0\u00bb][vc_column][\/vc_column][\/vc_row][vc_row][vc_column width=\u00a0\u00bb1\/2&Prime;][vc_column_text css=\u00a0\u00bb.vc_custom_1518705596788{margin-bottom: 20px !important;}\u00a0\u00bb]Si vous souhaitez contacter FG Euroexpress, vous pouvez le faire via les formulaires suivants. Vous pouvez s\u00e9lectionner le formulaire de contact, pour des demandes g\u00e9n\u00e9rales, Collaborer avec nous, pour les&#8230;<\/p>\n","protected":false},"author":1,"featured_media":0,"parent":0,"menu_order":0,"comment_status":"closed","ping_status":"closed","template":"","meta":[],"yoast_head":"<!-- This site is optimized with the Yoast SEO plugin v18.8 - https:\/\/yoast.com\/wordpress\/plugins\/seo\/ -->\n<title>Contact - FG Euroexpress<\/title>\n<meta name=\"robots\" content=\"index, follow, max-snippet:-1, max-image-preview:large, max-video-preview:-1\" \/>\n<link rel=\"canonical\" href=\"https:\/\/fgeuroexpress.com\/fr\/contact\/\" \/>\n<meta property=\"og:locale\" content=\"fr_FR\" \/>\n<meta property=\"og:type\" content=\"article\" \/>\n<meta property=\"og:title\" content=\"Contact - FG Euroexpress\" \/>\n<meta property=\"og:description\" content=\"[vc_row full_width=\u00a0\u00bbstretch_row_content_no_spaces\u00a0\u00bb css=\u00a0\u00bb.vc_custom_1516895370586{margin-top: -60px !important;margin-bottom: 50px !important;}\u00a0\u00bb][vc_column][\/vc_column][\/vc_row][vc_row][vc_column width=\u00a0\u00bb1\/2&Prime;][vc_column_text css=\u00a0\u00bb.vc_custom_1518705596788{margin-bottom: 20px !important;}\u00a0\u00bb]Si vous souhaitez contacter FG Euroexpress, vous pouvez le faire via les formulaires suivants. Vous pouvez s\u00e9lectionner le formulaire de contact, pour des demandes g\u00e9n\u00e9rales, Collaborer avec nous, pour les...\" \/>\n<meta property=\"og:url\" content=\"https:\/\/fgeuroexpress.com\/fr\/contact\/\" \/>\n<meta property=\"og:site_name\" content=\"FG Euroexpress\" \/>\n<meta property=\"article:modified_time\" content=\"2024-07-02T07:17:15+00:00\" \/>\n<meta name=\"twitter:card\" content=\"summary_large_image\" \/>\n<meta name=\"twitter:label1\" content=\"Dur\u00e9e de lecture estim\u00e9e\" \/>\n\t<meta name=\"twitter:data1\" content=\"2 minutes\" \/>\n<script type=\"application\/ld+json\" class=\"yoast-schema-graph\">{\"@context\":\"https:\/\/schema.org\",\"@graph\":[{\"@type\":\"WebSite\",\"@id\":\"https:\/\/fgeuroexpress.com\/en\/#website\",\"url\":\"https:\/\/fgeuroexpress.com\/en\/\",\"name\":\"FG Euroexpress\",\"description\":\"FG Euroexpress\",\"potentialAction\":[{\"@type\":\"SearchAction\",\"target\":{\"@type\":\"EntryPoint\",\"urlTemplate\":\"https:\/\/fgeuroexpress.com\/en\/?s={search_term_string}\"},\"query-input\":\"required name=search_term_string\"}],\"inLanguage\":\"fr-FR\"},{\"@type\":\"WebPage\",\"@id\":\"https:\/\/fgeuroexpress.com\/fr\/contact\/#webpage\",\"url\":\"https:\/\/fgeuroexpress.com\/fr\/contact\/\",\"name\":\"Contact - FG Euroexpress\",\"isPartOf\":{\"@id\":\"https:\/\/fgeuroexpress.com\/en\/#website\"},\"datePublished\":\"2018-02-15T14:49:49+00:00\",\"dateModified\":\"2024-07-02T07:17:15+00:00\",\"breadcrumb\":{\"@id\":\"https:\/\/fgeuroexpress.com\/fr\/contact\/#breadcrumb\"},\"inLanguage\":\"fr-FR\",\"potentialAction\":[{\"@type\":\"ReadAction\",\"target\":[\"https:\/\/fgeuroexpress.com\/fr\/contact\/\"]}]},{\"@type\":\"BreadcrumbList\",\"@id\":\"https:\/\/fgeuroexpress.com\/fr\/contact\/#breadcrumb\",\"itemListElement\":[{\"@type\":\"ListItem\",\"position\":1,\"name\":\"Portada\",\"item\":\"https:\/\/fgeuroexpress.com\/fr\/\"},{\"@type\":\"ListItem\",\"position\":2,\"name\":\"Contact\"}]}]}<\/script>\n<!-- \/ Yoast SEO plugin. -->","yoast_head_json":{"title":"Contact - FG Euroexpress","robots":{"index":"index","follow":"follow","max-snippet":"max-snippet:-1","max-image-preview":"max-image-preview:large","max-video-preview":"max-video-preview:-1"},"canonical":"https:\/\/fgeuroexpress.com\/fr\/contact\/","og_locale":"fr_FR","og_type":"article","og_title":"Contact - FG Euroexpress","og_description":"[vc_row full_width=\u00a0\u00bbstretch_row_content_no_spaces\u00a0\u00bb css=\u00a0\u00bb.vc_custom_1516895370586{margin-top: -60px !important;margin-bottom: 50px !important;}\u00a0\u00bb][vc_column][\/vc_column][\/vc_row][vc_row][vc_column width=\u00a0\u00bb1\/2&Prime;][vc_column_text css=\u00a0\u00bb.vc_custom_1518705596788{margin-bottom: 20px !important;}\u00a0\u00bb]Si vous souhaitez contacter FG Euroexpress, vous pouvez le faire via les formulaires suivants. Vous pouvez s\u00e9lectionner le formulaire de contact, pour des demandes g\u00e9n\u00e9rales, Collaborer avec nous, pour les...","og_url":"https:\/\/fgeuroexpress.com\/fr\/contact\/","og_site_name":"FG Euroexpress","article_modified_time":"2024-07-02T07:17:15+00:00","twitter_card":"summary_large_image","twitter_misc":{"Dur\u00e9e de lecture estim\u00e9e":"2 minutes"},"schema":{"@context":"https:\/\/schema.org","@graph":[{"@type":"WebSite","@id":"https:\/\/fgeuroexpress.com\/en\/#website","url":"https:\/\/fgeuroexpress.com\/en\/","name":"FG Euroexpress","description":"FG Euroexpress","potentialAction":[{"@type":"SearchAction","target":{"@type":"EntryPoint","urlTemplate":"https:\/\/fgeuroexpress.com\/en\/?s={search_term_string}"},"query-input":"required name=search_term_string"}],"inLanguage":"fr-FR"},{"@type":"WebPage","@id":"https:\/\/fgeuroexpress.com\/fr\/contact\/#webpage","url":"https:\/\/fgeuroexpress.com\/fr\/contact\/","name":"Contact - FG Euroexpress","isPartOf":{"@id":"https:\/\/fgeuroexpress.com\/en\/#website"},"datePublished":"2018-02-15T14:49:49+00:00","dateModified":"2024-07-02T07:17:15+00:00","breadcrumb":{"@id":"https:\/\/fgeuroexpress.com\/fr\/contact\/#breadcrumb"},"inLanguage":"fr-FR","potentialAction":[{"@type":"ReadAction","target":["https:\/\/fgeuroexpress.com\/fr\/contact\/"]}]},{"@type":"BreadcrumbList","@id":"https:\/\/fgeuroexpress.com\/fr\/contact\/#breadcrumb","itemListElement":[{"@type":"ListItem","position":1,"name":"Portada","item":"https:\/\/fgeuroexpress.com\/fr\/"},{"@type":"ListItem","position":2,"name":"Contact"}]}]}},"_links":{"self":[{"href":"https:\/\/fgeuroexpress.com\/fr\/wp-json\/wp\/v2\/pages\/1318"}],"collection":[{"href":"https:\/\/fgeuroexpress.com\/fr\/wp-json\/wp\/v2\/pages"}],"about":[{"href":"https:\/\/fgeuroexpress.com\/fr\/wp-json\/wp\/v2\/types\/page"}],"author":[{"embeddable":true,"href":"https:\/\/fgeuroexpress.com\/fr\/wp-json\/wp\/v2\/users\/1"}],"replies":[{"embeddable":true,"href":"https:\/\/fgeuroexpress.com\/fr\/wp-json\/wp\/v2\/comments?post=1318"}],"version-history":[{"count":5,"href":"https:\/\/fgeuroexpress.com\/fr\/wp-json\/wp\/v2\/pages\/1318\/revisions"}],"predecessor-version":[{"id":1411,"href":"https:\/\/fgeuroexpress.com\/fr\/wp-json\/wp\/v2\/pages\/1318\/revisions\/1411"}],"wp:attachment":[{"href":"https:\/\/fgeuroexpress.com\/fr\/wp-json\/wp\/v2\/media?parent=1318"}],"curies":[{"name":"wp","href":"https:\/\/api.w.org\/{rel}","templated":true}]}}