{"id":1307,"date":"2018-02-15T14:13:53","date_gmt":"2018-02-15T14:13:53","guid":{"rendered":"https:\/\/fgeuroexpress.com\/?page_id=1307"},"modified":"2018-03-05T16:06:48","modified_gmt":"2018-03-05T16:06:48","slug":"entreprise","status":"publish","type":"page","link":"https:\/\/fgeuroexpress.com\/fr\/entreprise\/","title":{"rendered":"Entreprise"},"content":{"rendered":"<p>[vc_row][vc_column width=\u00a0\u00bb1\/2&Prime;]<h2 class='heading-left  style-1'  style='color: #070d3e'><span>L&rsquo;ENTREPISE<\/span><\/h2>[vc_column_text]Plus de 25 ans d&rsquo;exp\u00e9rience dans le transport express de marchandises nationale et internationale et plus de 4 millions de livraisons ponctuelles et sp\u00e9ciales, font de FGEuroexpress l&rsquo;une des plus importantes entreprises de transport direct en Europe; 25 ans d&rsquo;exp\u00e9rience dans le service porte-\u00e0-porte.<\/p>\n<p>Notre objectif offrir, le meilleur service \u00e0 nos clients.<\/p>\n<p>La cl\u00e9 pour atteindre cet objectif en toutes circonstances est de disposer d&rsquo;une \u00e9quipe hautement qualifi\u00e9e, form\u00e9e \u00e0 l&rsquo;utilisation des technologies les plus r\u00e9centes, et d&rsquo;un parc de v\u00e9hicules important, moderne et enti\u00e8rement \u00e9quip\u00e9.<\/p>\n<p>FGEuroexpress dispose d&rsquo;une \u00e9quipe de professionnels exp\u00e9riment\u00e9s, et avant tout impliqu\u00e9s dans la mise \u00e0 disposition du client et la \u00ab\u00a0garantie\u00a0\u00bb d&rsquo;une exp\u00e9rience de service hautement satisfaisante.<br \/>\nNous contr\u00f4lons les marchandises m\u00e9ticuleusement dans toutes leurs phases, de sorte que nous pouvons offrir une fiabilit\u00e9 \u00e0 100% dans tous les services de transport express.<\/p>\n<p>L&rsquo;optimisation des processus et nos protocoles de performance rigoureux nous permettent d&rsquo;offrir des tarifs comp\u00e9titifs sans affecter la qualit\u00e9 de nos services.[\/vc_column_text][\/vc_column][vc_column width=\u00a0\u00bb1\/2&Prime;][vc_single_image image=\u00a0\u00bb1259&Prime; img_size=\u00a0\u00bbfull\u00a0\u00bb alignment=\u00a0\u00bbright\u00a0\u00bb css=\u00a0\u00bb.vc_custom_1516969385017{margin-top: 80px !important;}\u00a0\u00bb][\/vc_column][\/vc_row][vc_row css=\u00a0\u00bb.vc_custom_1516876827852{margin-top: 50px !important;}\u00a0\u00bb][vc_column width=\u00a0\u00bb1\/2&Prime;][vc_single_image image=\u00a0\u00bb1260&Prime; img_size=\u00a0\u00bbfull\u00a0\u00bb css=\u00a0\u00bb.vc_custom_1516969416129{margin-top: 20px !important;}\u00a0\u00bb][\/vc_column][vc_column width=\u00a0\u00bb1\/2&Prime;]<h2 class='heading-left  style-1'  style='color: #070d3e'><span>NOS ENGAGEMENTS<\/span><\/h2><ol class='list'><li><span>S\u00e9curit\u00e9: dans l&rsquo;organisation et l&rsquo;ex\u00e9cution de toutes les op\u00e9rations de transport.<\/span><\/li><li><span>Disponibilit\u00e9: Disponibilit\u00e9 garantie du service 24 heures sur 24,7 jours sur 7.<\/span><\/li><li><span>Solution urgente: nous vous proposons une solution \u00e0 vos besoins en moins de 15 minutes.<\/span><\/li><li><span>Respect des d\u00e9lais: tant au moment de l&rsquo;enl\u00e8vement de la marchandise que lors de la livraison.<\/span><\/li><li><span>Contr\u00f4le: Nous effectuons un suivi permanent de la marchandise, afin que vous puissiez \u00e0 tout moment avoir des informations sur votre transport.<\/span><\/li><\/ol>[\/vc_column][\/vc_row]<\/p>\n","protected":false},"excerpt":{"rendered":"<p>[vc_row][vc_column width=\u00a0\u00bb1\/2&Prime;][vc_column_text]Plus de 25 ans d&rsquo;exp\u00e9rience dans le transport express de marchandises nationale et internationale et plus de 4 millions de livraisons ponctuelles et sp\u00e9ciales, font de FGEuroexpress l&rsquo;une des plus importantes entreprises de transport direct en Europe; 25 ans&#8230;<\/p>\n","protected":false},"author":1,"featured_media":0,"parent":0,"menu_order":0,"comment_status":"closed","ping_status":"closed","template":"","meta":[],"yoast_head":"<!-- This site is optimized with the Yoast SEO plugin v18.8 - https:\/\/yoast.com\/wordpress\/plugins\/seo\/ -->\n<title>Entreprise - FG Euroexpress<\/title>\n<meta name=\"robots\" content=\"index, follow, max-snippet:-1, max-image-preview:large, max-video-preview:-1\" \/>\n<link rel=\"canonical\" href=\"https:\/\/fgeuroexpress.com\/fr\/entreprise\/\" \/>\n<meta property=\"og:locale\" content=\"fr_FR\" \/>\n<meta property=\"og:type\" content=\"article\" \/>\n<meta property=\"og:title\" content=\"Entreprise - FG Euroexpress\" \/>\n<meta property=\"og:description\" content=\"[vc_row][vc_column width=\u00a0\u00bb1\/2&Prime;][vc_column_text]Plus de 25 ans d&rsquo;exp\u00e9rience dans le transport express de marchandises nationale et internationale et plus de 4 millions de livraisons ponctuelles et sp\u00e9ciales, font de FGEuroexpress l&rsquo;une des plus importantes entreprises de transport direct en Europe; 25 ans...\" \/>\n<meta property=\"og:url\" content=\"https:\/\/fgeuroexpress.com\/fr\/entreprise\/\" \/>\n<meta property=\"og:site_name\" content=\"FG Euroexpress\" \/>\n<meta property=\"article:modified_time\" content=\"2018-03-05T16:06:48+00:00\" \/>\n<meta name=\"twitter:card\" content=\"summary_large_image\" \/>\n<meta name=\"twitter:label1\" content=\"Dur\u00e9e de lecture estim\u00e9e\" \/>\n\t<meta name=\"twitter:data1\" content=\"2 minutes\" \/>\n<script type=\"application\/ld+json\" class=\"yoast-schema-graph\">{\"@context\":\"https:\/\/schema.org\",\"@graph\":[{\"@type\":\"WebSite\",\"@id\":\"https:\/\/fgeuroexpress.com\/en\/#website\",\"url\":\"https:\/\/fgeuroexpress.com\/en\/\",\"name\":\"FG Euroexpress\",\"description\":\"FG Euroexpress\",\"potentialAction\":[{\"@type\":\"SearchAction\",\"target\":{\"@type\":\"EntryPoint\",\"urlTemplate\":\"https:\/\/fgeuroexpress.com\/en\/?s={search_term_string}\"},\"query-input\":\"required name=search_term_string\"}],\"inLanguage\":\"fr-FR\"},{\"@type\":\"WebPage\",\"@id\":\"https:\/\/fgeuroexpress.com\/fr\/entreprise\/#webpage\",\"url\":\"https:\/\/fgeuroexpress.com\/fr\/entreprise\/\",\"name\":\"Entreprise - FG Euroexpress\",\"isPartOf\":{\"@id\":\"https:\/\/fgeuroexpress.com\/en\/#website\"},\"datePublished\":\"2018-02-15T14:13:53+00:00\",\"dateModified\":\"2018-03-05T16:06:48+00:00\",\"breadcrumb\":{\"@id\":\"https:\/\/fgeuroexpress.com\/fr\/entreprise\/#breadcrumb\"},\"inLanguage\":\"fr-FR\",\"potentialAction\":[{\"@type\":\"ReadAction\",\"target\":[\"https:\/\/fgeuroexpress.com\/fr\/entreprise\/\"]}]},{\"@type\":\"BreadcrumbList\",\"@id\":\"https:\/\/fgeuroexpress.com\/fr\/entreprise\/#breadcrumb\",\"itemListElement\":[{\"@type\":\"ListItem\",\"position\":1,\"name\":\"Portada\",\"item\":\"https:\/\/fgeuroexpress.com\/fr\/\"},{\"@type\":\"ListItem\",\"position\":2,\"name\":\"Entreprise\"}]}]}<\/script>\n<!-- \/ Yoast SEO plugin. -->","yoast_head_json":{"title":"Entreprise - FG Euroexpress","robots":{"index":"index","follow":"follow","max-snippet":"max-snippet:-1","max-image-preview":"max-image-preview:large","max-video-preview":"max-video-preview:-1"},"canonical":"https:\/\/fgeuroexpress.com\/fr\/entreprise\/","og_locale":"fr_FR","og_type":"article","og_title":"Entreprise - FG Euroexpress","og_description":"[vc_row][vc_column width=\u00a0\u00bb1\/2&Prime;][vc_column_text]Plus de 25 ans d&rsquo;exp\u00e9rience dans le transport express de marchandises nationale et internationale et plus de 4 millions de livraisons ponctuelles et sp\u00e9ciales, font de FGEuroexpress l&rsquo;une des plus importantes entreprises de transport direct en Europe; 25 ans...","og_url":"https:\/\/fgeuroexpress.com\/fr\/entreprise\/","og_site_name":"FG Euroexpress","article_modified_time":"2018-03-05T16:06:48+00:00","twitter_card":"summary_large_image","twitter_misc":{"Dur\u00e9e de lecture estim\u00e9e":"2 minutes"},"schema":{"@context":"https:\/\/schema.org","@graph":[{"@type":"WebSite","@id":"https:\/\/fgeuroexpress.com\/en\/#website","url":"https:\/\/fgeuroexpress.com\/en\/","name":"FG Euroexpress","description":"FG Euroexpress","potentialAction":[{"@type":"SearchAction","target":{"@type":"EntryPoint","urlTemplate":"https:\/\/fgeuroexpress.com\/en\/?s={search_term_string}"},"query-input":"required name=search_term_string"}],"inLanguage":"fr-FR"},{"@type":"WebPage","@id":"https:\/\/fgeuroexpress.com\/fr\/entreprise\/#webpage","url":"https:\/\/fgeuroexpress.com\/fr\/entreprise\/","name":"Entreprise - FG Euroexpress","isPartOf":{"@id":"https:\/\/fgeuroexpress.com\/en\/#website"},"datePublished":"2018-02-15T14:13:53+00:00","dateModified":"2018-03-05T16:06:48+00:00","breadcrumb":{"@id":"https:\/\/fgeuroexpress.com\/fr\/entreprise\/#breadcrumb"},"inLanguage":"fr-FR","potentialAction":[{"@type":"ReadAction","target":["https:\/\/fgeuroexpress.com\/fr\/entreprise\/"]}]},{"@type":"BreadcrumbList","@id":"https:\/\/fgeuroexpress.com\/fr\/entreprise\/#breadcrumb","itemListElement":[{"@type":"ListItem","position":1,"name":"Portada","item":"https:\/\/fgeuroexpress.com\/fr\/"},{"@type":"ListItem","position":2,"name":"Entreprise"}]}]}},"_links":{"self":[{"href":"https:\/\/fgeuroexpress.com\/fr\/wp-json\/wp\/v2\/pages\/1307"}],"collection":[{"href":"https:\/\/fgeuroexpress.com\/fr\/wp-json\/wp\/v2\/pages"}],"about":[{"href":"https:\/\/fgeuroexpress.com\/fr\/wp-json\/wp\/v2\/types\/page"}],"author":[{"embeddable":true,"href":"https:\/\/fgeuroexpress.com\/fr\/wp-json\/wp\/v2\/users\/1"}],"replies":[{"embeddable":true,"href":"https:\/\/fgeuroexpress.com\/fr\/wp-json\/wp\/v2\/comments?post=1307"}],"version-history":[{"count":4,"href":"https:\/\/fgeuroexpress.com\/fr\/wp-json\/wp\/v2\/pages\/1307\/revisions"}],"predecessor-version":[{"id":1415,"href":"https:\/\/fgeuroexpress.com\/fr\/wp-json\/wp\/v2\/pages\/1307\/revisions\/1415"}],"wp:attachment":[{"href":"https:\/\/fgeuroexpress.com\/fr\/wp-json\/wp\/v2\/media?parent=1307"}],"curies":[{"name":"wp","href":"https:\/\/api.w.org\/{rel}","templated":true}]}}