{"id":1289,"date":"2018-02-06T12:42:27","date_gmt":"2018-02-06T12:42:27","guid":{"rendered":"https:\/\/fgeuroexpress.com\/?page_id=1289"},"modified":"2020-10-14T14:56:23","modified_gmt":"2020-10-14T14:56:23","slug":"home-fr","status":"publish","type":"page","link":"https:\/\/fgeuroexpress.com\/fr\/","title":{"rendered":"Home &#8211; FR"},"content":{"rendered":"<p>[vc_row full_width=\u00a0\u00bbstretch_row\u00a0\u00bb has_content=\u00a0\u00bbtrue\u00a0\u00bb][vc_column][rev_slider_vc alias=\u00a0\u00bbmain-slider\u00a0\u00bb][\/vc_column][\/vc_row][vc_row css=\u00a0\u00bb.vc_custom_1468240672950{margin-top: 50px !important;margin-bottom: 50px !important;}\u00a0\u00bb has_content=\u00a0\u00bbtrue\u00a0\u00bb][vc_column width=\u00a0\u00bb1\/3&Prime;][vc_single_image image=\u00a0\u00bb1387&Prime; img_size=\u00a0\u00bb347&#215;166&Prime; onclick=\u00a0\u00bblink_image\u00a0\u00bb]<h5 class='heading-left  style-1' ><span>PROFESSIONNALISME ET EXP\u00c9RIENCE<\/span><\/h5>[vc_empty_space height=\u00a0\u00bb10px\u00a0\u00bb][vc_column_text]Plus de 25 ans d&rsquo;exp\u00e9rience dans le transport urgent de marchandises nationale et internationale et plus de 4 millions de livraisons ponctuelles et sp\u00e9ciales font de FGEuroexpress l&rsquo;une des entreprises de transport direct les plus importantes d&rsquo;Europe.[\/vc_column_text][\/vc_column][vc_column width=\u00a0\u00bb1\/3&Prime;][vc_single_image image=\u00a0\u00bb1389&Prime; img_size=\u00a0\u00bb347&#215;166&Prime; onclick=\u00a0\u00bblink_image\u00a0\u00bb]<h5 class='heading-left  style-1' ><span>SERVICE ET ENGAGEMENT<\/span><\/h5>[vc_empty_space height=\u00a0\u00bb10px\u00a0\u00bb][vc_column_text]Experts du service \u00ab\u00a0porte-\u00e0-porte\u00a0\u00bb, c&rsquo;est-\u00e0-dire directement au destinataire, sans escale. Engagement de l&rsquo;entreprise pour donner fiabilit\u00e9, s\u00e9curit\u00e9 et garantir la satisfaction du client. Exigence de qualit\u00e9<\/p>\n<p>.[\/vc_column_text][\/vc_column][vc_column width=\u00a0\u00bb1\/3&Prime;][vc_single_image image=\u00a0\u00bb1390&Prime; img_size=\u00a0\u00bb347&#215;166&Prime; onclick=\u00a0\u00bblink_image\u00a0\u00bb]<h5 class='heading-left  style-1' ><span>FLOTTE \u00c9QUIP\u00c9E DES DERNI\u00c8RES TECHNOLOGIES<\/span><\/h5>[vc_empty_space height=\u00a0\u00bb10px\u00a0\u00bb][vc_column_text]<span style=\"font-weight: 400;\">Flotte de v\u00e9hicules compos\u00e9e de 85 unit\u00e9s appartenant \u00e0 FGEuroexpress, toutes capacit\u00e9s et dimensions de van de 1 300 kg \u00e0 semi-remorques de 24 tonnes.<\/span>[\/vc_column_text][\/vc_column][\/vc_row][vc_row full_width=\u00a0\u00bbstretch_row\u00a0\u00bb has_content=\u00a0\u00bbinside\u00a0\u00bb css=\u00a0\u00bb.vc_custom_1513616646159{padding-top: 30px !important;padding-bottom: 40px !important;background-image: url(https:\/\/fgeuroexpress.com\/wp-content\/uploads\/2017\/12\/doted-map.jpg?id=1131) !important;}\u00a0\u00bb el_class=\u00a0\u00bbcontactfront\u00a0\u00bb][vc_column width=\u00a0\u00bb1\/2&Prime;][contact-form-7 id=\u00a0\u00bb1302&Prime;][\/vc_column][vc_column width=\u00a0\u00bb1\/2&Prime;][vc_column_text]<img loading=\"lazy\" class=\"size-full wp-image-1147 alignleft\" src=\"https:\/\/fgeuroexpress.com\/wp-content\/uploads\/2017\/12\/img-presupuesto.jpg\" alt=\"\" width=\"234\" height=\"120\" \/><\/p>\n<h4>Obtenir un devis<\/h4>\n<p>Nous vous donnons r\u00e9ponse et solution en moins de 15 minutes[\/vc_column_text][\/vc_column][\/vc_row][vc_row full_width=\u00a0\u00bbstretch_row\u00a0\u00bb css=\u00a0\u00bb.vc_custom_1513692492396{padding-bottom: 50px !important;background-color: #212121 !important;}\u00a0\u00bb has_content=\u00a0\u00bbinside\u00a0\u00bb el_class=\u00a0\u00bbcarrousel\u00a0\u00bb][vc_column]<div class='container'><div class='row owly'><div class='col-md-6 col-xs-6'><h2 style='color:#ffffff;'>NOS V\u00c9HICULES<\/h2><\/div><div class='col-xs-6 col-md-6 align-right'><a class='owlprev' style='background:#0f0f0f;'><i class='fa fa-chevron-left' style='color:#c1c1c1;'><\/i><\/a><a class='owlnext' style='background:#0f0f0f;'><i class='fa fa-chevron-right' style='color:#c1c1c1;'><\/i><\/a><\/div><\/div><\/div><ul class='owl-carousel recentportfolio clearfix' data-col=3><li class='item item-type-line'><div class='mask'><\/div><div class='item-info'><div class='headline'><h3><a class='item-hover' href=https:\/\/fgeuroexpress.com\/fr\/portfolio\/camion-en-el-campo\/>Cami\u00f3n en el campo<\/a><\/h3><a class='btn btn-sm' href=https:\/\/fgeuroexpress.com\/fr\/portfolio\/camion-en-el-campo\/>Read more<\/a><\/div><\/div><div class='item-img'><img width=\"360\" height=\"267\" src=\"https:\/\/fgeuroexpress.com\/wp-content\/uploads\/2015\/03\/carrousel-1-360x267.jpg\" class=\"attachment-post-thumb size-post-thumb wp-post-image\" alt=\"\" loading=\"lazy\" \/><\/div><\/li><li class='item item-type-line'><div class='mask'><\/div><div class='item-info'><div class='headline'><h3><a class='item-hover' href=https:\/\/fgeuroexpress.com\/fr\/portfolio\/camion-la-nieve\/>Cami\u00f3n en la nieve<\/a><\/h3><a class='btn btn-sm' href=https:\/\/fgeuroexpress.com\/fr\/portfolio\/camion-la-nieve\/>Read more<\/a><\/div><\/div><div class='item-img'><img width=\"360\" height=\"267\" src=\"https:\/\/fgeuroexpress.com\/wp-content\/uploads\/2014\/12\/carrousel-2-360x267.jpg\" class=\"attachment-post-thumb size-post-thumb wp-post-image\" alt=\"\" loading=\"lazy\" \/><\/div><\/li><li class='item item-type-line'><div class='mask'><\/div><div class='item-info'><div class='headline'><h3><a class='item-hover' href=https:\/\/fgeuroexpress.com\/fr\/portfolio\/camion-la-oficina\/>Cami\u00f3n en la oficina<\/a><\/h3><a class='btn btn-sm' href=https:\/\/fgeuroexpress.com\/fr\/portfolio\/camion-la-oficina\/>Read more<\/a><\/div><\/div><div class='item-img'><img width=\"360\" height=\"267\" src=\"https:\/\/fgeuroexpress.com\/wp-content\/uploads\/2014\/12\/carrousel-3-360x267.jpg\" class=\"attachment-post-thumb size-post-thumb wp-post-image\" alt=\"\" loading=\"lazy\" \/><\/div><\/li><\/ul>[\/vc_column][\/vc_row][vc_row css=\u00a0\u00bb.vc_custom_1418034361637{padding-top: 60px !important;}\u00a0\u00bb has_content=\u00a0\u00bbtrue\u00a0\u00bb][vc_column width=\u00a0\u00bb1\/3&Prime;]<div class=\"icon style-2 icon-left\">\n            <span>\n                <i class=\"fas fa-shield-alt\"><\/i>\n                <h2>S\u00e9curit\u00e9<\/h2>\n                <h3 class=\"style-2\"><\/h3>\n            <\/span>\n            <p>Dans l\u2019organisation et l\u2019ex\u00e9cution de tous les transports<\/p>\n    <\/div>[vc_empty_space height=\u00a0\u00bb35px\u00a0\u00bb]<div class=\"icon style-2 icon-left\">\n            <span>\n                <i class=\"far fa-calendar-check\"><\/i>\n                <h2>Disponibilit\u00e9<\/h2>\n                <h3 class=\"style-2\"><\/h3>\n            <\/span>\n            <p>Disponibilit\u00e9 garantie du service 24h\/24 et 7j\/7<\/p>\n    <\/div>[\/vc_column][vc_column width=\u00a0\u00bb1\/3&Prime;]<div class=\"icon style-2 icon-left\">\n            <span>\n                <i class=\"far fa-clock\"><\/i>\n                <h2>Respect des d\u00e9lais<\/h2>\n                <h3 class=\"style-2\"><\/h3>\n            <\/span>\n            <p>Aussi bien dans l\u2019enl\u00e8vement de la marchandise que dans la livraison.<\/p>\n    <\/div>[vc_empty_space height=\u00a0\u00bb35px\u00a0\u00bb]<div class=\"icon style-2 icon-left\">\n            <span>\n                <i class=\"fas fa-bullseye\"><\/i>\n                <h2>Contr\u00f4le<\/h2>\n                <h3 class=\"style-2\"><\/h3>\n            <\/span>\n            <p>Nous effectuons un suivi permanent, de votre marchandise, afin que vous puissiez avoir des informations a tout moment.<\/p>\n    <\/div>[\/vc_column][vc_column width=\u00a0\u00bb1\/3&Prime;][vc_single_image image=\u00a0\u00bb1145&Prime; img_size=\u00a0\u00bbfull\u00a0\u00bb][\/vc_column][\/vc_row][vc_row full_width=\u00a0\u00bbstretch_row\u00a0\u00bb has_content=\u00a0\u00bbinside\u00a0\u00bb css=\u00a0\u00bb.vc_custom_1513780096212{margin-top: 60px !important;padding-top: 150px !important;padding-bottom: 150px !important;background-image: url(https:\/\/fgeuroexpress.com\/wp-content\/uploads\/2017\/12\/DSC_0182-01.jpeg?id=1170) !important;background-position: center !important;background-repeat: no-repeat !important;background-size: cover !important;}\u00a0\u00bb][vc_column css=\u00a0\u00bb.vc_custom_1468507856712{padding-top: 0px !important;}\u00a0\u00bb][vc_column_text]<\/p>\n<h1 style=\"text-align: center;\"><span style=\"color: #ffffff; text-shadow: 2px 2px 5px rgba(0, 0, 0, 1); font-weight: bold;\">100% DE FIABILIT\u00c9 DANS TOUS LES SERVICES<br \/>\nDE TRANSPORT EXPRESS<\/span><\/h1>\n<p>[\/vc_column_text][vc_empty_space height=\u00a0\u00bb15px\u00a0\u00bb][\/vc_column][\/vc_row][vc_row css=\u00a0\u00bb.vc_custom_1418039236500{padding-top: 50px !important;}\u00a0\u00bb has_content=\u00a0\u00bbtrue\u00a0\u00bb][vc_column width=\u00a0\u00bb1\/2&Prime;]<h4 class='heading-middle  style-1' ><span>CLIENTS QUI NOUS FONT CONFIANCE<\/span><\/h4>[vc_empty_space]<div class='logos-wrapper style-1'><ul class='logos '  ><li class=\"logos-fade\"><span><img src='https:\/\/fgeuroexpress.com\/wp-content\/uploads\/2017\/12\/logo-michelin.jpg' alt='Michelin'><\/span><\/li><li class=\"logos-fade\"><span><img src='https:\/\/fgeuroexpress.com\/wp-content\/uploads\/2017\/12\/logo-renault.jpg' alt='Renault'><\/span><\/li><li class=\"logos-fade\"><span><img src='https:\/\/fgeuroexpress.com\/wp-content\/uploads\/2017\/12\/iveco.jpg' alt='Iveco'><\/span><\/li><\/ul><ul class='logos'><li class=\"logos-fade\"><span><img src='https:\/\/fgeuroexpress.com\/wp-content\/uploads\/2017\/12\/logo-gestamp.jpg' alt='Gestamp'><\/span><\/li><li class=\"logos-fade\"><span><img src='https:\/\/fgeuroexpress.com\/wp-content\/uploads\/2017\/12\/logo-faurecia.jpg' alt='Faurecia'><\/span><\/li><li class=\"logos-fade\"><span><img src='' alt='Forjanor'><\/span><\/li><\/ul><ul class='logos'><li class=\"logos-fade\"><span><img src='https:\/\/fgeuroexpress.com\/wp-content\/uploads\/2017\/12\/logo-hutchinson.jpg' alt='Hutchinson'><\/span><\/li><li class=\"logos-fade\"><span><img src='https:\/\/fgeuroexpress.com\/wp-content\/uploads\/2017\/12\/logo-johnson.jpg' alt='Johnson Control'><\/span><\/li><\/ul><\/div>[\/vc_column][vc_column width=\u00a0\u00bb1\/2&Prime;]<h4 class='heading-middle  style-1' ><span>T\u00c9MOIGNAGES<\/span><\/h4><div id='6c499ce' class='carousel testimonials slide' data-ride='carousel'><div class=\"carousel-inner\"><blockquote class='item active'><p>Merci beaucoup pour tous les services fournis tout au long de l&rsquo;ann\u00e9e, cela vous donne toujours la tranquillit\u00e9 d&rsquo;esprit de vous d\u00e9l\u00e9guer, toujours rapidement et en toute s\u00e9curit\u00e9.<br \/>\nSalutations \u00e0 toute l&rsquo;\u00e9quipe d&rsquo;Euroexpress, mes f\u00e9licitations pour le travail impeccable que vous accomplissez.<\/p><div class='cite'><div class=\"testimonial-footer\"><span class=\"user\">Gloria M\u00aa Garc\u00eda<br \/>\nCustomer Contact &amp; Logistic Planning<br \/>\nFaurecia Automotive Espa\u00f1a, S.A.<\/span><\/div><\/div><\/blockquote><blockquote class='item'><p>Dans le secteur automobile, nous avons parfois besoin de transports urgents pour des livraisons critiques, plus que nous ne le souhaiterions, et \u00e0 Forjanor, nous n&rsquo;avons s\u00e9lectionn\u00e9 depuis des ann\u00e9es que ceux qui fournissent des garanties, une fiabilit\u00e9, une information compl\u00e8te en temps r\u00e9el, une communication ouverte 24h\/24 et 7j\/7, la diversit\u00e9 des v\u00e9hicules, le transport national et international&#8230; De tous ces v\u00e9hicules, Euroexpress a prouv\u00e9 qu&rsquo;il y avait des diff\u00e9rences dans tous les domaines de service, r\u00e9solvant des situations vraiment compliqu\u00e9es avec une vocation de service au client.<br \/>\nF\u00e9licitations pour votre excellent travail!<br \/>\n<\/p><div class='cite'><div class=\"testimonial-footer\"><span class=\"user\">Carlos Gonzalez Vela<br \/>\nDirector de Planificaci\u00f3n y Log\u00edstica<br \/>\nForjanor- HAY Group<\/span><\/div><\/div><\/blockquote><blockquote class='item'><p>Ponctualit\u00e9 et responsabilit\u00e9<br \/>\nF\u00e9licitations pour votre excellent travail!<br \/>\n<\/p><div class='cite'><div class=\"testimonial-footer\"><span class=\"user\">Gestamp<br \/>\nPalencia<\/span><\/div><\/div><\/blockquote><blockquote class='item'><p>Fg euroexpress est notre partenaire id\u00e9al qui nous offre une garanti total, un suivi permanent de notre marchandise et une livraison comme pr\u00e9vu.<br \/>\nUn comportement id\u00e9al des conducteurs qui indique professionnalit\u00e9 et comp\u00e9tence et par cons\u00e9quent une satisfaction totale de nos clients.<br \/>\n<\/p><div class='cite'><div class=\"testimonial-footer\"><span class=\"user\">Jes\u00fas Luengo<br \/>\nAlcoa<\/span><\/div><\/div><\/blockquote><blockquote class='item'><p>FG EUROEXPRESS repr\u00e9sente pour nous:<br \/>\n&#8211; Fiabilit\u00e9<br \/>\n&#8211; Professionnalit\u00e9<br \/>\n&#8211; Comp\u00e9titivit\u00e9<br \/>\n&#8211; Effort et constance<br \/>\nLes meilleurs en transport urgent.<\/p><div class='cite'><div class=\"testimonial-footer\"><span class=\"user\">Jos\u00e9 Alfredo Garc\u00eda<br \/>\nResp.Appos. Faurecia - Asientos de Castilla y Le\u00f3n SA<\/span><\/div><\/div><\/blockquote><\/div><a class=\"left carousel-control\" href=\"#6c499ce\" data-slide=\"prev\"><span class=\"fa fa-chevron-left\"><\/span><\/a><a class=\"right carousel-control\" href=\"#6c499ce\" data-slide=\"next\"><span class=\"fa fa-chevron-right\"><\/span><\/a><\/div>[\/vc_column][\/vc_row][vc_row][vc_column][vc_column_text]<\/p>\n<p>[\/vc_column_text][\/vc_column][\/vc_row]<\/p>\n","protected":false},"excerpt":{"rendered":"<p>[vc_row full_width=\u00a0\u00bbstretch_row\u00a0\u00bb has_content=\u00a0\u00bbtrue\u00a0\u00bb][vc_column][rev_slider_vc alias=\u00a0\u00bbmain-slider\u00a0\u00bb][\/vc_column][\/vc_row][vc_row css=\u00a0\u00bb.vc_custom_1468240672950{margin-top: 50px !important;margin-bottom: 50px !important;}\u00a0\u00bb has_content=\u00a0\u00bbtrue\u00a0\u00bb][vc_column width=\u00a0\u00bb1\/3&Prime;][vc_single_image image=\u00a0\u00bb1387&Prime; img_size=\u00a0\u00bb347&#215;166&Prime; onclick=\u00a0\u00bblink_image\u00a0\u00bb][vc_empty_space height=\u00a0\u00bb10px\u00a0\u00bb][vc_column_text]Plus de 25 ans d&rsquo;exp\u00e9rience dans le transport urgent de marchandises nationale et internationale et plus de 4 millions de livraisons ponctuelles et sp\u00e9ciales font de&#8230;<\/p>\n","protected":false},"author":1,"featured_media":0,"parent":0,"menu_order":0,"comment_status":"closed","ping_status":"closed","template":"","meta":[],"yoast_head":"<!-- This site is optimized with the Yoast SEO plugin v18.8 - https:\/\/yoast.com\/wordpress\/plugins\/seo\/ -->\n<title>Home - FR - FG Euroexpress<\/title>\n<meta name=\"robots\" content=\"index, follow, max-snippet:-1, max-image-preview:large, max-video-preview:-1\" \/>\n<link rel=\"canonical\" href=\"https:\/\/fgeuroexpress.com\/fr\/\" \/>\n<meta property=\"og:locale\" content=\"fr_FR\" \/>\n<meta property=\"og:type\" content=\"article\" \/>\n<meta property=\"og:title\" content=\"Home - FR - FG Euroexpress\" \/>\n<meta property=\"og:description\" content=\"[vc_row full_width=\u00a0\u00bbstretch_row\u00a0\u00bb has_content=\u00a0\u00bbtrue\u00a0\u00bb][vc_column][rev_slider_vc alias=\u00a0\u00bbmain-slider\u00a0\u00bb][\/vc_column][\/vc_row][vc_row css=\u00a0\u00bb.vc_custom_1468240672950{margin-top: 50px !important;margin-bottom: 50px !important;}\u00a0\u00bb has_content=\u00a0\u00bbtrue\u00a0\u00bb][vc_column width=\u00a0\u00bb1\/3&Prime;][vc_single_image image=\u00a0\u00bb1387&Prime; img_size=\u00a0\u00bb347&#215;166&Prime; onclick=\u00a0\u00bblink_image\u00a0\u00bb][vc_empty_space height=\u00a0\u00bb10px\u00a0\u00bb][vc_column_text]Plus de 25 ans d&rsquo;exp\u00e9rience dans le transport urgent de marchandises nationale et internationale et plus de 4 millions de livraisons ponctuelles et sp\u00e9ciales font de...\" \/>\n<meta property=\"og:url\" content=\"https:\/\/fgeuroexpress.com\/fr\/\" \/>\n<meta property=\"og:site_name\" content=\"FG Euroexpress\" \/>\n<meta property=\"article:modified_time\" content=\"2020-10-14T14:56:23+00:00\" \/>\n<meta property=\"og:image\" content=\"https:\/\/fgeuroexpress.com\/wp-content\/uploads\/2017\/12\/img-presupuesto.jpg\" \/>\n<meta name=\"twitter:card\" content=\"summary_large_image\" \/>\n<meta name=\"twitter:label1\" content=\"Dur\u00e9e de lecture estim\u00e9e\" \/>\n\t<meta name=\"twitter:data1\" content=\"5 minutes\" \/>\n<script type=\"application\/ld+json\" class=\"yoast-schema-graph\">{\"@context\":\"https:\/\/schema.org\",\"@graph\":[{\"@type\":\"WebSite\",\"@id\":\"https:\/\/fgeuroexpress.com\/en\/#website\",\"url\":\"https:\/\/fgeuroexpress.com\/en\/\",\"name\":\"FG Euroexpress\",\"description\":\"FG Euroexpress\",\"potentialAction\":[{\"@type\":\"SearchAction\",\"target\":{\"@type\":\"EntryPoint\",\"urlTemplate\":\"https:\/\/fgeuroexpress.com\/en\/?s={search_term_string}\"},\"query-input\":\"required name=search_term_string\"}],\"inLanguage\":\"fr-FR\"},{\"@type\":\"ImageObject\",\"inLanguage\":\"fr-FR\",\"@id\":\"https:\/\/fgeuroexpress.com\/fr\/#primaryimage\",\"url\":\"https:\/\/fgeuroexpress.com\/wp-content\/uploads\/2017\/12\/img-presupuesto.jpg\",\"contentUrl\":\"https:\/\/fgeuroexpress.com\/wp-content\/uploads\/2017\/12\/img-presupuesto.jpg\",\"width\":234,\"height\":120},{\"@type\":\"WebPage\",\"@id\":\"https:\/\/fgeuroexpress.com\/fr\/#webpage\",\"url\":\"https:\/\/fgeuroexpress.com\/fr\/\",\"name\":\"Home - FR - FG Euroexpress\",\"isPartOf\":{\"@id\":\"https:\/\/fgeuroexpress.com\/en\/#website\"},\"primaryImageOfPage\":{\"@id\":\"https:\/\/fgeuroexpress.com\/fr\/#primaryimage\"},\"datePublished\":\"2018-02-06T12:42:27+00:00\",\"dateModified\":\"2020-10-14T14:56:23+00:00\",\"breadcrumb\":{\"@id\":\"https:\/\/fgeuroexpress.com\/fr\/#breadcrumb\"},\"inLanguage\":\"fr-FR\",\"potentialAction\":[{\"@type\":\"ReadAction\",\"target\":[\"https:\/\/fgeuroexpress.com\/fr\/\"]}]},{\"@type\":\"BreadcrumbList\",\"@id\":\"https:\/\/fgeuroexpress.com\/fr\/#breadcrumb\",\"itemListElement\":[{\"@type\":\"ListItem\",\"position\":1,\"name\":\"Portada\",\"item\":\"https:\/\/fgeuroexpress.com\/fr\/\"},{\"@type\":\"ListItem\",\"position\":2,\"name\":\"Home &#8211; FR\"}]}]}<\/script>\n<!-- \/ Yoast SEO plugin. -->","yoast_head_json":{"title":"Home - FR - FG Euroexpress","robots":{"index":"index","follow":"follow","max-snippet":"max-snippet:-1","max-image-preview":"max-image-preview:large","max-video-preview":"max-video-preview:-1"},"canonical":"https:\/\/fgeuroexpress.com\/fr\/","og_locale":"fr_FR","og_type":"article","og_title":"Home - FR - FG Euroexpress","og_description":"[vc_row full_width=\u00a0\u00bbstretch_row\u00a0\u00bb has_content=\u00a0\u00bbtrue\u00a0\u00bb][vc_column][rev_slider_vc alias=\u00a0\u00bbmain-slider\u00a0\u00bb][\/vc_column][\/vc_row][vc_row css=\u00a0\u00bb.vc_custom_1468240672950{margin-top: 50px !important;margin-bottom: 50px !important;}\u00a0\u00bb has_content=\u00a0\u00bbtrue\u00a0\u00bb][vc_column width=\u00a0\u00bb1\/3&Prime;][vc_single_image image=\u00a0\u00bb1387&Prime; img_size=\u00a0\u00bb347&#215;166&Prime; onclick=\u00a0\u00bblink_image\u00a0\u00bb][vc_empty_space height=\u00a0\u00bb10px\u00a0\u00bb][vc_column_text]Plus de 25 ans d&rsquo;exp\u00e9rience dans le transport urgent de marchandises nationale et internationale et plus de 4 millions de livraisons ponctuelles et sp\u00e9ciales font de...","og_url":"https:\/\/fgeuroexpress.com\/fr\/","og_site_name":"FG Euroexpress","article_modified_time":"2020-10-14T14:56:23+00:00","og_image":[{"url":"https:\/\/fgeuroexpress.com\/wp-content\/uploads\/2017\/12\/img-presupuesto.jpg"}],"twitter_card":"summary_large_image","twitter_misc":{"Dur\u00e9e de lecture estim\u00e9e":"5 minutes"},"schema":{"@context":"https:\/\/schema.org","@graph":[{"@type":"WebSite","@id":"https:\/\/fgeuroexpress.com\/en\/#website","url":"https:\/\/fgeuroexpress.com\/en\/","name":"FG Euroexpress","description":"FG Euroexpress","potentialAction":[{"@type":"SearchAction","target":{"@type":"EntryPoint","urlTemplate":"https:\/\/fgeuroexpress.com\/en\/?s={search_term_string}"},"query-input":"required name=search_term_string"}],"inLanguage":"fr-FR"},{"@type":"ImageObject","inLanguage":"fr-FR","@id":"https:\/\/fgeuroexpress.com\/fr\/#primaryimage","url":"https:\/\/fgeuroexpress.com\/wp-content\/uploads\/2017\/12\/img-presupuesto.jpg","contentUrl":"https:\/\/fgeuroexpress.com\/wp-content\/uploads\/2017\/12\/img-presupuesto.jpg","width":234,"height":120},{"@type":"WebPage","@id":"https:\/\/fgeuroexpress.com\/fr\/#webpage","url":"https:\/\/fgeuroexpress.com\/fr\/","name":"Home - FR - FG Euroexpress","isPartOf":{"@id":"https:\/\/fgeuroexpress.com\/en\/#website"},"primaryImageOfPage":{"@id":"https:\/\/fgeuroexpress.com\/fr\/#primaryimage"},"datePublished":"2018-02-06T12:42:27+00:00","dateModified":"2020-10-14T14:56:23+00:00","breadcrumb":{"@id":"https:\/\/fgeuroexpress.com\/fr\/#breadcrumb"},"inLanguage":"fr-FR","potentialAction":[{"@type":"ReadAction","target":["https:\/\/fgeuroexpress.com\/fr\/"]}]},{"@type":"BreadcrumbList","@id":"https:\/\/fgeuroexpress.com\/fr\/#breadcrumb","itemListElement":[{"@type":"ListItem","position":1,"name":"Portada","item":"https:\/\/fgeuroexpress.com\/fr\/"},{"@type":"ListItem","position":2,"name":"Home &#8211; FR"}]}]}},"_links":{"self":[{"href":"https:\/\/fgeuroexpress.com\/fr\/wp-json\/wp\/v2\/pages\/1289"}],"collection":[{"href":"https:\/\/fgeuroexpress.com\/fr\/wp-json\/wp\/v2\/pages"}],"about":[{"href":"https:\/\/fgeuroexpress.com\/fr\/wp-json\/wp\/v2\/types\/page"}],"author":[{"embeddable":true,"href":"https:\/\/fgeuroexpress.com\/fr\/wp-json\/wp\/v2\/users\/1"}],"replies":[{"embeddable":true,"href":"https:\/\/fgeuroexpress.com\/fr\/wp-json\/wp\/v2\/comments?post=1289"}],"version-history":[{"count":5,"href":"https:\/\/fgeuroexpress.com\/fr\/wp-json\/wp\/v2\/pages\/1289\/revisions"}],"predecessor-version":[{"id":3945,"href":"https:\/\/fgeuroexpress.com\/fr\/wp-json\/wp\/v2\/pages\/1289\/revisions\/3945"}],"wp:attachment":[{"href":"https:\/\/fgeuroexpress.com\/fr\/wp-json\/wp\/v2\/media?parent=1289"}],"curies":[{"name":"wp","href":"https:\/\/api.w.org\/{rel}","templated":true}]}}